{"id":10,"date":"2026-03-18T08:36:51","date_gmt":"2026-03-18T08:36:51","guid":{"rendered":"https:\/\/hoctuonglai.edu.vn\/?page_id=10"},"modified":"2026-03-18T08:36:51","modified_gmt":"2026-03-18T08:36:51","slug":"account","status":"publish","type":"page","link":"https:\/\/hoctuonglai.edu.vn\/?page_id=10","title":{"rendered":"Account"},"content":{"rendered":"\n<div class=\"masteriyo-login-form-wrapper\">\n\t<section class=\"masteriyo-login\">\n\t\t<div class=\"masteriyo-login--wrapper\">\n\t\t\t<h3 class=\"masteriyo-title\">Sign In<\/h3>\n\n\t\t\t\n\t\t\t<form id=\"masteriyo-login--form\" class=\"masteriyo-login--form\" method=\"post\">\n\t\t\t\t<input type=\"hidden\" name=\"action\" value=\"masteriyo_login\">\n\t\t\t\t<input type=\"hidden\" name=\"redirect_to\" value=\"https:\/\/hoctuonglai.edu.vn\/index.php?rest_route=%2Fwp%2Fv2%2Fpages%2F10\">\n\n\t\t\t\t<input type=\"hidden\" id=\"_wpnonce\" name=\"_wpnonce\" value=\"62c045ae49\" \/><input type=\"hidden\" name=\"_wp_http_referer\" value=\"\/index.php?rest_route=%2Fwp%2Fv2%2Fpages%2F10\" \/>\n\t\t\t\t<div class=\"masteriyo-username\">\n\t\t\t\t\t<label for=\"username-email-address\" class=\"masteriyo-label\">Username or Email<\/label>\n\t\t\t\t\t<input id=\"username-email-address\" name=\"username\" type=\"text\" required class=\"masteriyo-input\" placeholder=\"\">\n\t\t\t\t<\/div>\n\n\t\t\t\t<div class=\"masteriyo-password\">\n\t\t\t\t\t<label for=\"password\" class=\"masteriyo-label\">Password<\/label>\n\t\t\t\t\t<input id=\"password\" class=\"masteriyo-input\" name=\"password\" type=\"password\" autocomplete=\"current-password\" required placeholder=\"\">\n\t\t\t\t<\/div>\n\n\t\t\t\t<div class=\"masteriyo-remember-forgot\">\n\t\t\t\t\t<div class=\"masteriyo-remember-me\">\n\t\t\t\t\t\t<input id=\"remember_me\" name=\"remember_me\" type=\"checkbox\">\n\t\t\t\t\t\t<label for=\"remember_me\">\n\t\t\t\t\t\t\tRemember me\t\t\t\t\t\t<\/label>\n\t\t\t\t\t<\/div>\n\n\t\t\t\t\t<div class=\"masteriyo-forgot-password\">\n\t\t\t\t\t\t<a href=\"https:\/\/hoctuonglai.edu.vn\/?page_id=10&#038;reset-password\" class=\"masteriyo-link-primary\">\n\t\t\t\t\t\t\tForgot your password?\t\t\t\t\t\t<\/a>\n\t\t\t\t\t<\/div>\n\t\t\t\t<\/div>\n\n\t\t\t\t\n\t\t\t\t<div class=\"masteriyo-btn-wrapper\">\n\t\t\t\t\t<button type=\"submit\" class=\"masteriyo-btn masteriyo-btn-primary masteriyo-login-btn\">\n\t\t\t\t\t\tSign in\t\t\t\t\t<\/button>\n\t\t\t\t<\/div>\n\n\t\t\t\t<div id=\"masteriyo-login-error-msg\" class=\"masteriyo-hidden masteriyo-notify-message masteriyo-alert masteriyo-danger-msg\"><\/div>\n\t\t\t<\/form>\n\t\t\t\n\t\t\t<div id=\"masteriyo-session-limit-warning\" class=\"masteriyo-hidden masteriyo-danger-msg masteriyo-alert\">\n\t\t\tSession limit exceeded. <span id=\"clear-sessions-link\" style=\"cursor:pointer; font-weight:500; color:#356bb3\" >Click here<\/span> to clear sessions.\t\t\t<\/div>\n\n\t\t\t<div id=\"masteriyo-session-limit-clear\" class=\"masteriyo-hidden masteriyo-success-msg masteriyo-alert\">\n\t\t\tYour login session is cleared.\t\t\t<\/div>\n\n\t\t<\/div>\n\t<\/section>\n\n\t\t\t<section class=\"masteriyo-signup\">\n\t\t\t\t\t\t<h3 class=\"masteriyo-title\">Register<\/h3>\n\t\t\t<span>Don&#039;t have an account?<\/span>\n\t\t\t<a\n\t\t\t\thref=\"https:\/\/hoctuonglai.edu.vn\/?page_id=10&#038;signup&#038;rest_route=\/wp\/v2\/pages\/10\"\n\t\t\t\tclass=\"masteriyo-btn masteriyo-btn-primary\"\n\t\t\t>\n\t\t\t\tRegister as Student\t\t\t<\/a>\n\t\t<\/section>\n\t<\/div>\n\n\n","protected":false},"excerpt":{"rendered":"","protected":false},"author":1,"featured_media":0,"parent":0,"menu_order":0,"comment_status":"closed","ping_status":"closed","template":"","meta":{"site-sidebar-layout":"default","site-content-layout":"","ast-site-content-layout":"default","site-content-style":"default","site-sidebar-style":"default","ast-global-header-display":"","ast-banner-title-visibility":"","ast-main-header-display":"","ast-hfb-above-header-display":"","ast-hfb-below-header-display":"","ast-hfb-mobile-header-display":"","site-post-title":"","ast-breadcrumbs-content":"","ast-featured-img":"","footer-sml-layout":"","ast-disable-related-posts":"","theme-transparent-header-meta":"","adv-header-id-meta":"","stick-header-meta":"","header-above-stick-meta":"","header-main-stick-meta":"","header-below-stick-meta":"","astra-migrate-meta-layouts":"default","ast-page-background-enabled":"default","ast-page-background-meta":{"desktop":{"background-color":"var(--ast-global-color-5)","background-image":"","background-repeat":"repeat","background-position":"center center","background-size":"auto","background-attachment":"scroll","background-type":"","background-media":"","overlay-type":"","overlay-color":"","overlay-opacity":"","overlay-gradient":""},"tablet":{"background-color":"","background-image":"","background-repeat":"repeat","background-position":"center center","background-size":"auto","background-attachment":"scroll","background-type":"","background-media":"","overlay-type":"","overlay-color":"","overlay-opacity":"","overlay-gradient":""},"mobile":{"background-color":"","background-image":"","background-repeat":"repeat","background-position":"center center","background-size":"auto","background-attachment":"scroll","background-type":"","background-media":"","overlay-type":"","overlay-color":"","overlay-opacity":"","overlay-gradient":""}},"ast-content-background-meta":{"desktop":{"background-color":"var(--ast-global-color-4)","background-image":"","background-repeat":"repeat","background-position":"center center","background-size":"auto","background-attachment":"scroll","background-type":"","background-media":"","overlay-type":"","overlay-color":"","overlay-opacity":"","overlay-gradient":""},"tablet":{"background-color":"var(--ast-global-color-4)","background-image":"","background-repeat":"repeat","background-position":"center center","background-size":"auto","background-attachment":"scroll","background-type":"","background-media":"","overlay-type":"","overlay-color":"","overlay-opacity":"","overlay-gradient":""},"mobile":{"background-color":"var(--ast-global-color-4)","background-image":"","background-repeat":"repeat","background-position":"center center","background-size":"auto","background-attachment":"scroll","background-type":"","background-media":"","overlay-type":"","overlay-color":"","overlay-opacity":"","overlay-gradient":""}},"footnotes":""},"class_list":["post-10","page","type-page","status-publish","hentry"],"yoast_head":"<!-- This site is optimized with the Yoast SEO plugin v27.1.1 - https:\/\/yoast.com\/product\/yoast-seo-wordpress\/ -->\n<title>Account - Hoctuonglai.edu.vn<\/title>\n<meta name=\"robots\" content=\"index, follow, max-snippet:-1, max-image-preview:large, max-video-preview:-1\" \/>\n<link rel=\"canonical\" href=\"https:\/\/hoctuonglai.edu.vn\/?page_id=10\" \/>\n<meta property=\"og:locale\" content=\"en_US\" \/>\n<meta property=\"og:type\" content=\"article\" \/>\n<meta property=\"og:title\" content=\"Account - Hoctuonglai.edu.vn\" \/>\n<meta property=\"og:url\" content=\"https:\/\/hoctuonglai.edu.vn\/?page_id=10\" \/>\n<meta property=\"og:site_name\" content=\"Hoctuonglai.edu.vn\" \/>\n<meta name=\"twitter:card\" content=\"summary_large_image\" \/>\n<script type=\"application\/ld+json\" class=\"yoast-schema-graph\">{\"@context\":\"https:\/\/schema.org\",\"@graph\":[{\"@type\":\"WebPage\",\"@id\":\"https:\/\/hoctuonglai.edu.vn\/?page_id=10\",\"url\":\"https:\/\/hoctuonglai.edu.vn\/?page_id=10\",\"name\":\"Account - Hoctuonglai.edu.vn\",\"isPartOf\":{\"@id\":\"https:\/\/hoctuonglai.edu.vn\/#website\"},\"datePublished\":\"2026-03-18T08:36:51+00:00\",\"breadcrumb\":{\"@id\":\"https:\/\/hoctuonglai.edu.vn\/?page_id=10#breadcrumb\"},\"inLanguage\":\"en-US\",\"potentialAction\":[{\"@type\":\"ReadAction\",\"target\":[\"https:\/\/hoctuonglai.edu.vn\/?page_id=10\"]}]},{\"@type\":\"BreadcrumbList\",\"@id\":\"https:\/\/hoctuonglai.edu.vn\/?page_id=10#breadcrumb\",\"itemListElement\":[{\"@type\":\"ListItem\",\"position\":1,\"name\":\"Home\",\"item\":\"https:\/\/hoctuonglai.edu.vn\/\"},{\"@type\":\"ListItem\",\"position\":2,\"name\":\"Account\"}]},{\"@type\":\"WebSite\",\"@id\":\"https:\/\/hoctuonglai.edu.vn\/#website\",\"url\":\"https:\/\/hoctuonglai.edu.vn\/\",\"name\":\"Hoctuonglai.edu.vn\",\"description\":\"Tham gia c\u00f9ng h\u00e0ng ng\u00e0n ng\u01b0\u1eddi h\u1ecdc v\u00e0 kh\u00e1m ph\u00e1 c\u00e1c kh\u00f3a h\u1ecdc t\u1eeb nh\u1eefng gi\u1ea3ng vi\u00ean h\u00e0ng \u0111\u1ea7u. D\u1ec5 d\u00e0ng kh\u1edfi t\u1ea1o, qu\u1ea3n l\u00fd v\u00e0 ph\u00e1t tri\u1ec3n..\",\"potentialAction\":[{\"@type\":\"SearchAction\",\"target\":{\"@type\":\"EntryPoint\",\"urlTemplate\":\"https:\/\/hoctuonglai.edu.vn\/?s={search_term_string}\"},\"query-input\":{\"@type\":\"PropertyValueSpecification\",\"valueRequired\":true,\"valueName\":\"search_term_string\"}}],\"inLanguage\":\"en-US\"}]}<\/script>\n<!-- \/ Yoast SEO plugin. -->","yoast_head_json":{"title":"Account - Hoctuonglai.edu.vn","robots":{"index":"index","follow":"follow","max-snippet":"max-snippet:-1","max-image-preview":"max-image-preview:large","max-video-preview":"max-video-preview:-1"},"canonical":"https:\/\/hoctuonglai.edu.vn\/?page_id=10","og_locale":"en_US","og_type":"article","og_title":"Account - Hoctuonglai.edu.vn","og_url":"https:\/\/hoctuonglai.edu.vn\/?page_id=10","og_site_name":"Hoctuonglai.edu.vn","twitter_card":"summary_large_image","schema":{"@context":"https:\/\/schema.org","@graph":[{"@type":"WebPage","@id":"https:\/\/hoctuonglai.edu.vn\/?page_id=10","url":"https:\/\/hoctuonglai.edu.vn\/?page_id=10","name":"Account - Hoctuonglai.edu.vn","isPartOf":{"@id":"https:\/\/hoctuonglai.edu.vn\/#website"},"datePublished":"2026-03-18T08:36:51+00:00","breadcrumb":{"@id":"https:\/\/hoctuonglai.edu.vn\/?page_id=10#breadcrumb"},"inLanguage":"en-US","potentialAction":[{"@type":"ReadAction","target":["https:\/\/hoctuonglai.edu.vn\/?page_id=10"]}]},{"@type":"BreadcrumbList","@id":"https:\/\/hoctuonglai.edu.vn\/?page_id=10#breadcrumb","itemListElement":[{"@type":"ListItem","position":1,"name":"Home","item":"https:\/\/hoctuonglai.edu.vn\/"},{"@type":"ListItem","position":2,"name":"Account"}]},{"@type":"WebSite","@id":"https:\/\/hoctuonglai.edu.vn\/#website","url":"https:\/\/hoctuonglai.edu.vn\/","name":"Hoctuonglai.edu.vn","description":"Tham gia c\u00f9ng h\u00e0ng ng\u00e0n ng\u01b0\u1eddi h\u1ecdc v\u00e0 kh\u00e1m ph\u00e1 c\u00e1c kh\u00f3a h\u1ecdc t\u1eeb nh\u1eefng gi\u1ea3ng vi\u00ean h\u00e0ng \u0111\u1ea7u. D\u1ec5 d\u00e0ng kh\u1edfi t\u1ea1o, qu\u1ea3n l\u00fd v\u00e0 ph\u00e1t tri\u1ec3n..","potentialAction":[{"@type":"SearchAction","target":{"@type":"EntryPoint","urlTemplate":"https:\/\/hoctuonglai.edu.vn\/?s={search_term_string}"},"query-input":{"@type":"PropertyValueSpecification","valueRequired":true,"valueName":"search_term_string"}}],"inLanguage":"en-US"}]}},"_links":{"self":[{"href":"https:\/\/hoctuonglai.edu.vn\/index.php?rest_route=\/wp\/v2\/pages\/10","targetHints":{"allow":["GET"]}}],"collection":[{"href":"https:\/\/hoctuonglai.edu.vn\/index.php?rest_route=\/wp\/v2\/pages"}],"about":[{"href":"https:\/\/hoctuonglai.edu.vn\/index.php?rest_route=\/wp\/v2\/types\/page"}],"author":[{"embeddable":true,"href":"https:\/\/hoctuonglai.edu.vn\/index.php?rest_route=\/wp\/v2\/users\/1"}],"replies":[{"embeddable":true,"href":"https:\/\/hoctuonglai.edu.vn\/index.php?rest_route=%2Fwp%2Fv2%2Fcomments&post=10"}],"version-history":[{"count":0,"href":"https:\/\/hoctuonglai.edu.vn\/index.php?rest_route=\/wp\/v2\/pages\/10\/revisions"}],"wp:attachment":[{"href":"https:\/\/hoctuonglai.edu.vn\/index.php?rest_route=%2Fwp%2Fv2%2Fmedia&parent=10"}],"curies":[{"name":"wp","href":"https:\/\/api.w.org\/{rel}","templated":true}]}}