{"id":73,"date":"2026-04-03T03:11:22","date_gmt":"2026-04-03T03:11:22","guid":{"rendered":"https:\/\/hoctuonglai.edu.vn\/?page_id=73"},"modified":"2026-04-03T03:11:24","modified_gmt":"2026-04-03T03:11:24","slug":"73-2","status":"publish","type":"page","link":"https:\/\/hoctuonglai.edu.vn\/?page_id=73","title":{"rendered":""},"content":{"rendered":"<div class=\"masteriyo-search-section\">\t\t<div class=\"masteriyo-search\">\n\t\t\t<form role=\"search\" method=\"get\" class=\"masteriyo-course-search\" action=\"https:\/\/hoctuonglai.edu.vn\/\">\n\t<label class=\"screen-reader-text\" for=\"masteriyo-course-search-field-0\">\n\t\tSearch for:\t<\/label>\n\t<span class=\"masteriyo-course-search__icon\">\n\t\t<svg xmlns=\"http:\/\/www.w3.org\/2000\/svg\" width=\"24\" height=\"24\" viewBox=\"0 0 24 24\">\n\t<path d=\"M10 18a7.952 7.952 0 004.897-1.688l4.396 4.396 1.414-1.414-4.396-4.396A7.952 7.952 0 0018 10c0-4.411-3.589-8-8-8s-8 3.589-8 8 3.589 8 8 8zm0-14c3.309 0 6 2.691 6 6s-2.691 6-6 6-6-2.691-6-6 2.691-6 6-6z\" \/>\n<\/svg>\n\t<\/span>\n\t<input type=\"search\" id=\"masteriyo-course-search-field-0\" class=\"search-field masteriyo-input\" placeholder=\"Search courses&hellip;\" value=\"\" name=\"s\" \/>\n\t<button type=\"submit\" value=\"Search\" class=\"masteriyo-btn masteriyo-btn-primary\">\n\t\tSearch\t<\/button>\n\t<input type=\"hidden\" name=\"post_type\" value=\"mto-course\" \/>\n<\/form>\n\t\t<\/div>\n\t\t\t<div class=\"masteriyo-courses-view-mode-section\">\t\t\t<span>Select View:<\/span>\n\t\t\t<ul class=\"masteriyo-courses-view-mode-item-lists\" data-courses-class=\"masteriyo-course\">\n\t\t\t\t<li class=\"masteriyo-courses-view-mode-item \">\n\t\t\t\t\t<button\n\t\t\t\t\t\tclass=\"view-mode list\"\n\t\t\t\t\t\ttitle=\"View on list Mode\"\n\t\t\t\t\t\tdata-mode=\"list-view\"\n\t\t\t\t\t>\n\t\t\t\t\t\t<svg xmlns=\"http:\/\/www.w3.org\/2000\/svg\" fill=\"none\" viewBox=\"0 0 24 24\">\n  <path fill=\"#000\" fill-rule=\"evenodd\" d=\"M3 5a1 1 0 0 0 0 2h.01a1 1 0 0 0 0-2H3Zm5 0a1 1 0 0 0 0 2h13a1 1 0 1 0 0-2H8Zm0 6a1 1 0 1 0 0 2h13a1 1 0 1 0 0-2H8Zm-1 7a1 1 0 0 1 1-1h13a1 1 0 1 1 0 2H8a1 1 0 0 1-1-1Zm-5-6a1 1 0 0 1 1-1h.01a1 1 0 1 1 0 2H3a1 1 0 0 1-1-1Zm1 5a1 1 0 1 0 0 2h.01a1 1 0 1 0 0-2H3Z\" clip-rule=\"evenodd\" \/>\n<\/svg>\t\t\t\t\t<\/button>\n\t\t\t\t<\/li>\n\t\t\t\t<li class=\"masteriyo-courses-view-mode-item active \">\n\t\t\t\t\t<button\n\t\t\t\t\t\tclass=\"view-mode grid\"\n\t\t\t\t\t\ttitle=\"View on Grid Mode\"\n\t\t\t\t\t\tdata-mode=\"grid-view\"\n\t\t\t\t\t>\n\t\t\t\t\t\t<svg xmlns=\"http:\/\/www.w3.org\/2000\/svg\" fill=\"none\" viewBox=\"0 0 24 24\">\n  <path fill=\"#000\" fill-rule=\"evenodd\" d=\"M3 2a1 1 0 0 0-1 1v7a1 1 0 0 0 1 1h7a1 1 0 0 0 1-1V3a1 1 0 0 0-1-1H3Zm1 7V4h5v5H4Zm10-7a1 1 0 0 0-1 1v7a1 1 0 0 0 1 1h7a1 1 0 0 0 1-1V3a1 1 0 0 0-1-1h-7Zm1 7V4h5v5h-5Zm-2 5a1 1 0 0 1 1-1h7a1 1 0 0 1 1 1v7a1 1 0 0 1-1 1h-7a1 1 0 0 1-1-1v-7Zm2 1v5h5v-5h-5ZM3 13a1 1 0 0 0-1 1v7a1 1 0 0 0 1 1h7a1 1 0 0 0 1-1v-7a1 1 0 0 0-1-1H3Zm1 7v-5h5v5H4Z\" clip-rule=\"evenodd\" \/>\n<\/svg>\t\t\t\t\t<\/button>\n\t\t\t\t<\/li>\n\t\t\t<\/ul>\n\t\t<\/div><\/div><div class=\"masteriyo-w-100 masteriyo-course-list-display-section masteriyo-block-b7414cb5 masteriyo-template-simple\"><input type=\"hidden\" id=\"masteriyo_course_filter_and_sorting_nonce\" name=\"masteriyo_course_filter_and_sorting_nonce\" value=\"33818d7cf9\" \/><input type=\"hidden\" name=\"_wp_http_referer\" value=\"\/index.php?rest_route=%2Fwp%2Fv2%2Fpages%2F73\" \/><div class=\"masteriyo-courses-wrapper masteriyo-course  grid-view columns-3  \">\n\n<div class=\"masteriyo-col \">\n\t<div class=\"masteriyo-course-item--wrapper masteriyo-course--card\">\n\t\t\t<div class=\"masteriyo-course--img-wrap\">\n\t\t\t<a href=\"https:\/\/hoctuonglai.edu.vn\/?mto-course=on-tap-tieng-anh-lop-9\">\n\n\t\t\t\t<!-- Difficulty Badge -->\n\t\t\t\n\t\t\t\t<!-- Featured Image -->\n\t\t\t\t<img fetchpriority=\"high\" decoding=\"async\" width=\"540\" height=\"340\" src=\"https:\/\/hoctuonglai.edu.vn\/wp-content\/uploads\/masteriyo\/placeholder-540x340.jpg\" class=\"masteriyo-placeholder wp-post-image\" alt=\"Placeholder\" \/>\t\t\t<\/a>\n\t\t<\/div>\n\t\t\t\t<div class=\"masteriyo-course--content\">\n\t\t\t<div class=\"masteriyo-course--content__wrapper\">\n\t\t\t\t<!-- Course category -->\n\t\t\t\t\t\t\t\t\t\t<div class=\"masteriyo-course--content__category masteriyo-course-category\">\n\t\t\t<a href=\"https:\/\/hoctuonglai.edu.vn\/?course_cat=h%e1%bb%8dc-mi%e1%bb%85n-ph%c3%ad\"\n\t\t\talt=\"H\u1ecdc mi\u1ec5n ph\u00ed\"\n\t\t\tclass=\"masteriyo-course--content__category-items masteriyo-tag masteriyo-course-category--item\">\n\t\t\tH\u1ecdc mi\u1ec5n ph\u00ed\t\t<\/a>\n\t<\/div>\n\t\t\t\t\n\t\t\t\t<!-- Title of the course -->\n\t\t\t\t\t\t\t\t<h2 class=\"masteriyo-course--content__title\">\n\t\t\t\t\t<a href=\"https:\/\/hoctuonglai.edu.vn\/?mto-course=on-tap-tieng-anh-lop-9\" title=\"\u00d4n t\u1eadp ti\u1ebfng anh l\u1edbp 9\">\u00d4n t\u1eadp ti\u1ebfng anh l\u1edbp 9<\/a>\t\t\t\t<\/h2>\n\t\t\t\t\n\t\t\t\t<!-- Course author and course rating -->\n\t\t\t\t<div class=\"masteriyo-course--content__rt masteriyo-course-author-rating-wrapper\">\n\t\t\t\t\t<div class=\"masteriyo-course-author\">\n\t\t\t\t\t\t\t\t\t\t\t\t\t<a href=\"https:\/\/hoctuonglai.edu.vn\/?author=1&#038;post_type=mto-course\">\n\t\t\t\t\t\t\t\t\t\t\t\t\t\t\t\t<img decoding=\"async\" src=\"https:\/\/secure.gravatar.com\/avatar\/01dbf5a2f27a23b93b80771d81fe3c7cef0bfdb30ffc69becfa09bc95fd971ad?s=96&amp;d=mm&amp;r=g\" alt=\"admin\" title=\"admin\">\n\t\t\t\t\t\t\t\t\t\t\t\t\t\t\t\t\t\t\t\t\t\t\t\t\t<\/a>\n\t\t\t\t\t\t\t\t<a href=\"https:\/\/hoctuonglai.edu.vn\/?author=1&#038;post_type=mto-course\">\n\t\t\t\t\t\t\t\t<!-- Do not multiline below code, as it will create space around the display name. -->\n\t\t\t\t\t\t\t\t\t\t\t\t\t\t\t\t\t<span  class=\"masteriyo-course-author--name\">admin<\/span>\n\t\t\t\t\t\t\t\t\t\t\t\t\t\t\t\t\t\t\t\t\t\t\t\t\t<\/a>\n\t\t\t\t\t\t\t\t\t\t\t<\/div>\n\t\t\t\t\n\t\t\t\t<\/div>\n\n\t\t\t\t<!-- Course description -->\n\t\t\t\t\t\t\t\t<div class=\"masteriyo-course--content__description masteriyo-course-highlights\">\n\t\t\t\t\t\t\t\t\t\t\t<span class=\"masteriyo-course-highlights--description\">C\u1ea5u tr\u00fac 4 tr\u1ee5 c\u1ed9t: H\u1ec7 th\u1ed1ng h\u00f3a to\u00e0n b\u1ed9 ki\u1ebfn th\u1ee9c l\u1edbp 12 t\u1eeb Ng\u1eef ph\u00e1p, T\u1eeb v\u1ef1ng \u0111\u1ebfn [&hellip;]<span>\n\t\t\t\t\t\t\t\t\t<\/div>\n\t\t\t\t\t\t\t\t\t<!-- Four Column( Course duration, comments, student enrolled and curriculum ) -->\n\t\t\t\t\t\n\t\t\t<\/div>\n\t\t\t<!-- Price and Enroll Now Button -->\n\t\t\t<div class=\"masteriyo-course-archive--aside\">\n\t\t\t\n\n\t\t\t<div class=\"masteriyo-course-card-footer masteriyo-time-btn masteriyo-course-pricing--wrapper\">\n\t\t\t\t\t\t\t\t\t\t\t\t\t\t\t\t\t\t\t\t\t<div class=\"masteriyo-course-price\">\n\t\t\t\t\t\t\t\t\t\t\t\t<span class=\"current-amount\"><span class=\"masteriyo-price-amount amount\">Free<\/span><\/span>\n\t\t\t\t<\/div>\n\t\t\t\t\t\t\t\t\t\t\t\t\t\t\t\n\t\t\t<a href=\"https:\/\/hoctuonglai.edu.vn\/?page_id=12&#038;course_name=134#\/course\/134\" target=\"_blank\" class=\"masteriyo-btn masteriyo-btn-primary masteriyo-single-course--btn masteriyo-enroll-btn mb-0 masteriyo-enroll-btn masteriyo-btn-start-course\" data-course-id=\"134\"  >\n\t\t\t\t\t\tStart Course\t\t<\/a>\n\t\t\t\t<\/div>\n\t\t\t\t<\/div>\n\t\t<\/div>\n\t<\/div>\n<\/div>\n\n<div class=\"masteriyo-col \">\n\t<div class=\"masteriyo-course-item--wrapper masteriyo-course--card\">\n\t\t\t<div class=\"masteriyo-course--img-wrap\">\n\t\t\t<a href=\"https:\/\/hoctuonglai.edu.vn\/?mto-course=on-luyen-tieng-anh-lop-12\">\n\n\t\t\t\t<!-- Difficulty Badge -->\n\t\t\t\n\t\t\t\t<!-- Featured Image -->\n\t\t\t\t<img fetchpriority=\"high\" decoding=\"async\" width=\"540\" height=\"340\" src=\"https:\/\/hoctuonglai.edu.vn\/wp-content\/uploads\/masteriyo\/placeholder-540x340.jpg\" class=\"masteriyo-placeholder wp-post-image\" alt=\"Placeholder\" \/>\t\t\t<\/a>\n\t\t<\/div>\n\t\t\t\t<div class=\"masteriyo-course--content\">\n\t\t\t<div class=\"masteriyo-course--content__wrapper\">\n\t\t\t\t<!-- Course category -->\n\t\t\t\t\t\t\t\t\t\t<div class=\"masteriyo-course--content__category masteriyo-course-category\">\n\t\t\t<a href=\"https:\/\/hoctuonglai.edu.vn\/?course_cat=h%e1%bb%8dc-mi%e1%bb%85n-ph%c3%ad\"\n\t\t\talt=\"H\u1ecdc mi\u1ec5n ph\u00ed\"\n\t\t\tclass=\"masteriyo-course--content__category-items masteriyo-tag masteriyo-course-category--item\">\n\t\t\tH\u1ecdc mi\u1ec5n ph\u00ed\t\t<\/a>\n\t<\/div>\n\t\t\t\t\n\t\t\t\t<!-- Title of the course -->\n\t\t\t\t\t\t\t\t<h2 class=\"masteriyo-course--content__title\">\n\t\t\t\t\t<a href=\"https:\/\/hoctuonglai.edu.vn\/?mto-course=on-luyen-tieng-anh-lop-12\" title=\"\u00d4n luy\u1ec7n ti\u1ebfng anh l\u1edbp 12\">\u00d4n luy\u1ec7n ti\u1ebfng anh l\u1edbp 12<\/a>\t\t\t\t<\/h2>\n\t\t\t\t\n\t\t\t\t<!-- Course author and course rating -->\n\t\t\t\t<div class=\"masteriyo-course--content__rt masteriyo-course-author-rating-wrapper\">\n\t\t\t\t\t<div class=\"masteriyo-course-author\">\n\t\t\t\t\t\t\t\t\t\t\t\t\t<a href=\"https:\/\/hoctuonglai.edu.vn\/?author=1&#038;post_type=mto-course\">\n\t\t\t\t\t\t\t\t\t\t\t\t\t\t\t\t<img decoding=\"async\" src=\"https:\/\/secure.gravatar.com\/avatar\/01dbf5a2f27a23b93b80771d81fe3c7cef0bfdb30ffc69becfa09bc95fd971ad?s=96&amp;d=mm&amp;r=g\" alt=\"admin\" title=\"admin\">\n\t\t\t\t\t\t\t\t\t\t\t\t\t\t\t\t\t\t\t\t\t\t\t\t\t<\/a>\n\t\t\t\t\t\t\t\t<a href=\"https:\/\/hoctuonglai.edu.vn\/?author=1&#038;post_type=mto-course\">\n\t\t\t\t\t\t\t\t<!-- Do not multiline below code, as it will create space around the display name. -->\n\t\t\t\t\t\t\t\t\t\t\t\t\t\t\t\t\t<span  class=\"masteriyo-course-author--name\">admin<\/span>\n\t\t\t\t\t\t\t\t\t\t\t\t\t\t\t\t\t\t\t\t\t\t\t\t\t<\/a>\n\t\t\t\t\t\t\t\t\t\t\t<\/div>\n\t\t\t\t\n\t\t\t\t<\/div>\n\n\t\t\t\t<!-- Course description -->\n\t\t\t\t\t\t\t\t<div class=\"masteriyo-course--content__description masteriyo-course-highlights\">\n\t\t\t\t\t\t\t\t\t\t\t<span class=\"masteriyo-course-highlights--description\">C\u1ea5u tr\u00fac 4 tr\u1ee5 c\u1ed9t: H\u1ec7 th\u1ed1ng h\u00f3a to\u00e0n b\u1ed9 ki\u1ebfn th\u1ee9c l\u1edbp 12 t\u1eeb Ng\u1eef ph\u00e1p, T\u1eeb v\u1ef1ng \u0111\u1ebfn [&hellip;]<span>\n\t\t\t\t\t\t\t\t\t<\/div>\n\t\t\t\t\t\t\t\t\t<!-- Four Column( Course duration, comments, student enrolled and curriculum ) -->\n\t\t\t\t\t\n\t\t\t<\/div>\n\t\t\t<!-- Price and Enroll Now Button -->\n\t\t\t<div class=\"masteriyo-course-archive--aside\">\n\t\t\t\n\n\t\t\t<div class=\"masteriyo-course-card-footer masteriyo-time-btn masteriyo-course-pricing--wrapper\">\n\t\t\t\t\t\t\t\t\t\t\t\t\t\t\t\t\t\t\t\t\t<div class=\"masteriyo-course-price\">\n\t\t\t\t\t\t\t\t\t\t\t\t<span class=\"current-amount\"><span class=\"masteriyo-price-amount amount\">Free<\/span><\/span>\n\t\t\t\t<\/div>\n\t\t\t\t\t\t\t\t\t\t\t\t\t\t\t\n\t\t\t<a href=\"https:\/\/hoctuonglai.edu.vn\/?page_id=12&#038;course_name=133#\/course\/133\" target=\"_blank\" class=\"masteriyo-btn masteriyo-btn-primary masteriyo-single-course--btn masteriyo-enroll-btn mb-0 masteriyo-enroll-btn masteriyo-btn-start-course\" data-course-id=\"133\"  >\n\t\t\t\t\t\tStart Course\t\t<\/a>\n\t\t\t\t<\/div>\n\t\t\t\t<\/div>\n\t\t<\/div>\n\t<\/div>\n<\/div>\n\n<div class=\"masteriyo-col \">\n\t<div class=\"masteriyo-course-item--wrapper masteriyo-course--card\">\n\t\t\t<div class=\"masteriyo-course--img-wrap\">\n\t\t\t<a href=\"https:\/\/hoctuonglai.edu.vn\/?mto-course=an-toan-dien-trong-gia-dinh\">\n\n\t\t\t\t<!-- Difficulty Badge -->\n\t\t\t\n\t\t\t\t<!-- Featured Image -->\n\t\t\t\t<img fetchpriority=\"high\" decoding=\"async\" width=\"540\" height=\"340\" src=\"https:\/\/hoctuonglai.edu.vn\/wp-content\/uploads\/masteriyo\/placeholder-540x340.jpg\" class=\"masteriyo-placeholder wp-post-image\" alt=\"Placeholder\" \/>\t\t\t<\/a>\n\t\t<\/div>\n\t\t\t\t<div class=\"masteriyo-course--content\">\n\t\t\t<div class=\"masteriyo-course--content__wrapper\">\n\t\t\t\t<!-- Course category -->\n\t\t\t\t\t\t\t\t\t\t<div class=\"masteriyo-course--content__category masteriyo-course-category\">\n\t\t\t<a href=\"https:\/\/hoctuonglai.edu.vn\/?course_cat=h%e1%bb%8dc-mi%e1%bb%85n-ph%c3%ad\"\n\t\t\talt=\"H\u1ecdc mi\u1ec5n ph\u00ed\"\n\t\t\tclass=\"masteriyo-course--content__category-items masteriyo-tag masteriyo-course-category--item\">\n\t\t\tH\u1ecdc mi\u1ec5n ph\u00ed\t\t<\/a>\n\t<\/div>\n\t\t\t\t\n\t\t\t\t<!-- Title of the course -->\n\t\t\t\t\t\t\t\t<h2 class=\"masteriyo-course--content__title\">\n\t\t\t\t\t<a href=\"https:\/\/hoctuonglai.edu.vn\/?mto-course=an-toan-dien-trong-gia-dinh\" title=\"An to\u00e0n \u0111i\u1ec7n trong gia \u0111\u00ecnh\">An to\u00e0n \u0111i\u1ec7n trong gia \u0111\u00ecnh<\/a>\t\t\t\t<\/h2>\n\t\t\t\t\n\t\t\t\t<!-- Course author and course rating -->\n\t\t\t\t<div class=\"masteriyo-course--content__rt masteriyo-course-author-rating-wrapper\">\n\t\t\t\t\t<div class=\"masteriyo-course-author\">\n\t\t\t\t\t\t\t\t\t\t\t\t\t<a href=\"https:\/\/hoctuonglai.edu.vn\/?author=1&#038;post_type=mto-course\">\n\t\t\t\t\t\t\t\t\t\t\t\t\t\t\t\t<img decoding=\"async\" src=\"https:\/\/secure.gravatar.com\/avatar\/01dbf5a2f27a23b93b80771d81fe3c7cef0bfdb30ffc69becfa09bc95fd971ad?s=96&amp;d=mm&amp;r=g\" alt=\"admin\" title=\"admin\">\n\t\t\t\t\t\t\t\t\t\t\t\t\t\t\t\t\t\t\t\t\t\t\t\t\t<\/a>\n\t\t\t\t\t\t\t\t<a href=\"https:\/\/hoctuonglai.edu.vn\/?author=1&#038;post_type=mto-course\">\n\t\t\t\t\t\t\t\t<!-- Do not multiline below code, as it will create space around the display name. -->\n\t\t\t\t\t\t\t\t\t\t\t\t\t\t\t\t\t<span  class=\"masteriyo-course-author--name\">admin<\/span>\n\t\t\t\t\t\t\t\t\t\t\t\t\t\t\t\t\t\t\t\t\t\t\t\t\t<\/a>\n\t\t\t\t\t\t\t\t\t\t\t<\/div>\n\t\t\t\t\n\t\t\t\t<\/div>\n\n\t\t\t\t<!-- Course description -->\n\t\t\t\t\t\t\t\t<div class=\"masteriyo-course--content__description masteriyo-course-highlights\">\n\t\t\t\t\t\t\t\t\t\t\t<span class=\"masteriyo-course-highlights--description\">B\u1ea1n s\u1ebd h\u1ecdc \u0111\u01b0\u1ee3c g\u00ec? K\u1ef9 n\u0103ng &#8220;b\u1eaft b\u1ec7nh&#8221; h\u1ec7 th\u1ed1ng \u0111i\u1ec7n: Nh\u1eadn di\u1ec7n ngay nh\u1eefng d\u1ea5u hi\u1ec7u nguy hi\u1ec3m [&hellip;]<span>\n\t\t\t\t\t\t\t\t\t<\/div>\n\t\t\t\t\t\t\t\t\t<!-- Four Column( Course duration, comments, student enrolled and curriculum ) -->\n\t\t\t\t\t\n\t\t\t<\/div>\n\t\t\t<!-- Price and Enroll Now Button -->\n\t\t\t<div class=\"masteriyo-course-archive--aside\">\n\t\t\t\n\n\t\t\t<div class=\"masteriyo-course-card-footer masteriyo-time-btn masteriyo-course-pricing--wrapper\">\n\t\t\t\t\t\t\t\t\t\t\t\t\t\t\t\t\t\t\t\t\t<div class=\"masteriyo-course-price\">\n\t\t\t\t\t\t\t\t\t\t\t\t<span class=\"current-amount\"><span class=\"masteriyo-price-amount amount\">Free<\/span><\/span>\n\t\t\t\t<\/div>\n\t\t\t\t\t\t\t\t\t\t\t\t\t\t\t\n\t\t\t<a href=\"https:\/\/hoctuonglai.edu.vn\/?page_id=12&#038;course_name=132#\/course\/132\" target=\"_blank\" class=\"masteriyo-btn masteriyo-btn-primary masteriyo-single-course--btn masteriyo-enroll-btn mb-0 masteriyo-enroll-btn masteriyo-btn-start-course\" data-course-id=\"132\"  >\n\t\t\t\t\t\tStart Course\t\t<\/a>\n\t\t\t\t<\/div>\n\t\t\t\t<\/div>\n\t\t<\/div>\n\t<\/div>\n<\/div>\n\n<\/div>\n<\/div>","protected":false},"excerpt":{"rendered":"","protected":false},"author":1,"featured_media":0,"parent":0,"menu_order":0,"comment_status":"closed","ping_status":"closed","template":"page-no-title","meta":{"site-sidebar-layout":"default","site-content-layout":"","ast-site-content-layout":"default","site-content-style":"default","site-sidebar-style":"default","ast-global-header-display":"","ast-banner-title-visibility":"","ast-main-header-display":"","ast-hfb-above-header-display":"","ast-hfb-below-header-display":"","ast-hfb-mobile-header-display":"","site-post-title":"","ast-breadcrumbs-content":"","ast-featured-img":"","footer-sml-layout":"","ast-disable-related-posts":"","theme-transparent-header-meta":"","adv-header-id-meta":"","stick-header-meta":"","header-above-stick-meta":"","header-main-stick-meta":"","header-below-stick-meta":"","astra-migrate-meta-layouts":"default","ast-page-background-enabled":"default","ast-page-background-meta":{"desktop":{"background-color":"var(--ast-global-color-5)","background-image":"","background-repeat":"repeat","background-position":"center center","background-size":"auto","background-attachment":"scroll","background-type":"","background-media":"","overlay-type":"","overlay-color":"","overlay-opacity":"","overlay-gradient":""},"tablet":{"background-color":"","background-image":"","background-repeat":"repeat","background-position":"center center","background-size":"auto","background-attachment":"scroll","background-type":"","background-media":"","overlay-type":"","overlay-color":"","overlay-opacity":"","overlay-gradient":""},"mobile":{"background-color":"","background-image":"","background-repeat":"repeat","background-position":"center center","background-size":"auto","background-attachment":"scroll","background-type":"","background-media":"","overlay-type":"","overlay-color":"","overlay-opacity":"","overlay-gradient":""}},"ast-content-background-meta":{"desktop":{"background-color":"var(--ast-global-color-4)","background-image":"","background-repeat":"repeat","background-position":"center center","background-size":"auto","background-attachment":"scroll","background-type":"","background-media":"","overlay-type":"","overlay-color":"","overlay-opacity":"","overlay-gradient":""},"tablet":{"background-color":"var(--ast-global-color-4)","background-image":"","background-repeat":"repeat","background-position":"center center","background-size":"auto","background-attachment":"scroll","background-type":"","background-media":"","overlay-type":"","overlay-color":"","overlay-opacity":"","overlay-gradient":""},"mobile":{"background-color":"var(--ast-global-color-4)","background-image":"","background-repeat":"repeat","background-position":"center center","background-size":"auto","background-attachment":"scroll","background-type":"","background-media":"","overlay-type":"","overlay-color":"","overlay-opacity":"","overlay-gradient":""}},"footnotes":""},"class_list":["post-73","page","type-page","status-publish","hentry"],"yoast_head":"<!-- This site is optimized with the Yoast SEO plugin v27.1.1 - https:\/\/yoast.com\/product\/yoast-seo-wordpress\/ -->\n<title>- Hoctuonglai.edu.vn<\/title>\n<meta name=\"robots\" content=\"index, follow, max-snippet:-1, max-image-preview:large, max-video-preview:-1\" \/>\n<link rel=\"canonical\" href=\"https:\/\/hoctuonglai.edu.vn\/?page_id=73\" \/>\n<meta property=\"og:locale\" content=\"en_US\" \/>\n<meta property=\"og:type\" content=\"article\" \/>\n<meta property=\"og:title\" content=\"- Hoctuonglai.edu.vn\" \/>\n<meta property=\"og:url\" content=\"https:\/\/hoctuonglai.edu.vn\/?page_id=73\" \/>\n<meta property=\"og:site_name\" content=\"Hoctuonglai.edu.vn\" \/>\n<meta property=\"article:modified_time\" content=\"2026-04-03T03:11:24+00:00\" \/>\n<meta name=\"twitter:card\" content=\"summary_large_image\" \/>\n<script type=\"application\/ld+json\" class=\"yoast-schema-graph\">{\"@context\":\"https:\/\/schema.org\",\"@graph\":[{\"@type\":\"WebPage\",\"@id\":\"https:\/\/hoctuonglai.edu.vn\/?page_id=73\",\"url\":\"https:\/\/hoctuonglai.edu.vn\/?page_id=73\",\"name\":\"- Hoctuonglai.edu.vn\",\"isPartOf\":{\"@id\":\"https:\/\/hoctuonglai.edu.vn\/#website\"},\"datePublished\":\"2026-04-03T03:11:22+00:00\",\"dateModified\":\"2026-04-03T03:11:24+00:00\",\"inLanguage\":\"en-US\",\"potentialAction\":[{\"@type\":\"ReadAction\",\"target\":[\"https:\/\/hoctuonglai.edu.vn\/?page_id=73\"]}]},{\"@type\":\"WebSite\",\"@id\":\"https:\/\/hoctuonglai.edu.vn\/#website\",\"url\":\"https:\/\/hoctuonglai.edu.vn\/\",\"name\":\"Hoctuonglai.edu.vn\",\"description\":\"Tham gia c\u00f9ng h\u00e0ng ng\u00e0n ng\u01b0\u1eddi h\u1ecdc v\u00e0 kh\u00e1m ph\u00e1 c\u00e1c kh\u00f3a h\u1ecdc t\u1eeb nh\u1eefng gi\u1ea3ng vi\u00ean h\u00e0ng \u0111\u1ea7u. D\u1ec5 d\u00e0ng kh\u1edfi t\u1ea1o, qu\u1ea3n l\u00fd v\u00e0 ph\u00e1t tri\u1ec3n..\",\"potentialAction\":[{\"@type\":\"SearchAction\",\"target\":{\"@type\":\"EntryPoint\",\"urlTemplate\":\"https:\/\/hoctuonglai.edu.vn\/?s={search_term_string}\"},\"query-input\":{\"@type\":\"PropertyValueSpecification\",\"valueRequired\":true,\"valueName\":\"search_term_string\"}}],\"inLanguage\":\"en-US\"}]}<\/script>\n<!-- \/ Yoast SEO plugin. -->","yoast_head_json":{"title":"- Hoctuonglai.edu.vn","robots":{"index":"index","follow":"follow","max-snippet":"max-snippet:-1","max-image-preview":"max-image-preview:large","max-video-preview":"max-video-preview:-1"},"canonical":"https:\/\/hoctuonglai.edu.vn\/?page_id=73","og_locale":"en_US","og_type":"article","og_title":"- Hoctuonglai.edu.vn","og_url":"https:\/\/hoctuonglai.edu.vn\/?page_id=73","og_site_name":"Hoctuonglai.edu.vn","article_modified_time":"2026-04-03T03:11:24+00:00","twitter_card":"summary_large_image","schema":{"@context":"https:\/\/schema.org","@graph":[{"@type":"WebPage","@id":"https:\/\/hoctuonglai.edu.vn\/?page_id=73","url":"https:\/\/hoctuonglai.edu.vn\/?page_id=73","name":"- Hoctuonglai.edu.vn","isPartOf":{"@id":"https:\/\/hoctuonglai.edu.vn\/#website"},"datePublished":"2026-04-03T03:11:22+00:00","dateModified":"2026-04-03T03:11:24+00:00","inLanguage":"en-US","potentialAction":[{"@type":"ReadAction","target":["https:\/\/hoctuonglai.edu.vn\/?page_id=73"]}]},{"@type":"WebSite","@id":"https:\/\/hoctuonglai.edu.vn\/#website","url":"https:\/\/hoctuonglai.edu.vn\/","name":"Hoctuonglai.edu.vn","description":"Tham gia c\u00f9ng h\u00e0ng ng\u00e0n ng\u01b0\u1eddi h\u1ecdc v\u00e0 kh\u00e1m ph\u00e1 c\u00e1c kh\u00f3a h\u1ecdc t\u1eeb nh\u1eefng gi\u1ea3ng vi\u00ean h\u00e0ng \u0111\u1ea7u. D\u1ec5 d\u00e0ng kh\u1edfi t\u1ea1o, qu\u1ea3n l\u00fd v\u00e0 ph\u00e1t tri\u1ec3n..","potentialAction":[{"@type":"SearchAction","target":{"@type":"EntryPoint","urlTemplate":"https:\/\/hoctuonglai.edu.vn\/?s={search_term_string}"},"query-input":{"@type":"PropertyValueSpecification","valueRequired":true,"valueName":"search_term_string"}}],"inLanguage":"en-US"}]}},"_links":{"self":[{"href":"https:\/\/hoctuonglai.edu.vn\/index.php?rest_route=\/wp\/v2\/pages\/73","targetHints":{"allow":["GET"]}}],"collection":[{"href":"https:\/\/hoctuonglai.edu.vn\/index.php?rest_route=\/wp\/v2\/pages"}],"about":[{"href":"https:\/\/hoctuonglai.edu.vn\/index.php?rest_route=\/wp\/v2\/types\/page"}],"author":[{"embeddable":true,"href":"https:\/\/hoctuonglai.edu.vn\/index.php?rest_route=\/wp\/v2\/users\/1"}],"replies":[{"embeddable":true,"href":"https:\/\/hoctuonglai.edu.vn\/index.php?rest_route=%2Fwp%2Fv2%2Fcomments&post=73"}],"version-history":[{"count":2,"href":"https:\/\/hoctuonglai.edu.vn\/index.php?rest_route=\/wp\/v2\/pages\/73\/revisions"}],"predecessor-version":[{"id":75,"href":"https:\/\/hoctuonglai.edu.vn\/index.php?rest_route=\/wp\/v2\/pages\/73\/revisions\/75"}],"wp:attachment":[{"href":"https:\/\/hoctuonglai.edu.vn\/index.php?rest_route=%2Fwp%2Fv2%2Fmedia&parent=73"}],"curies":[{"name":"wp","href":"https:\/\/api.w.org\/{rel}","templated":true}]}}